{"id":2471,"date":"2025-01-13T10:09:06","date_gmt":"2025-01-13T09:09:06","guid":{"rendered":"http:\/\/81.169.190.189:2083\/?post_type=product&#038;p=2471"},"modified":"2025-01-16T08:51:19","modified_gmt":"2025-01-16T07:51:19","slug":"asp-1-5-2-0-2-7-3-0-3-3-3-6-4-0ktls","status":"publish","type":"product","link":"https:\/\/www.aotai.fr\/index.php\/product\/asp-1-5-2-0-2-7-3-0-3-3-3-6-4-0ktls\/","title":{"rendered":"ASP-1.5\/2.0\/2.7\/3.0\/3.3\/3.6\/4.0KTLS"},"content":{"rendered":"","protected":false},"excerpt":{"rendered":"<p>Conception flexible | Conversion efficace | Compatibilit\u00e9 avec le r\u00e9seau | Protection anti-\u00eelotage active<\/p>\n<p>Conception flexible<\/p>\n<p>De petite taille, l\u00e9ger, prend en charge l&rsquo;installation manuelle, r\u00e9duit les co\u00fbts d&rsquo;installation et de maintenance pour<br \/>\nl&rsquo;utilisateur.<br \/>\nInterface de communication multiple : RS485, GPRS (en option), Wifi (en option).Disjoncteur DC, facile \u00e0 entretenir et s\u00fbr \u00e0 utiliser.<br \/>\nConvection sans ventilateur.<br \/>\nTechnologie de contr\u00f4le num\u00e9rique DSP.<\/p>\n<p>Conversion efficace<\/p>\n<p>Sans transformateur, l&rsquo;efficacit\u00e9 maximale est jusqu&rsquo;\u00e0 98,1 % ;<br \/>\nl&rsquo;efficacit\u00e9 europ\u00e9enne est jusqu&rsquo;\u00e0 97,6 %.<br \/>\nTHD total du courant &lt;2 %.<\/p>\n<p>Compatibilit\u00e9 avec le r\u00e9seau<\/p>\n<p>Protection anti-\u00eelotage active et passive;<br \/>\nFonction de puissance active continuellement r\u00e9glable (0-100%).<\/p>\n<p>Protection anti-\u00eelotage active<\/p>\n<p>Certification CQC Gold Sun, certification TUV<br \/>\nCertification SAA, Certification CE<\/p>\n[button et_class=\"\" target=\"_self\" style=\"big active\" url=\"https:\/\/www.aotai.fr\/wp-content\/uploads\/2025\/01\/ASP-15-20-27-30-33-36-40KTLS.pdf\" icon=\"downloads\" title=\"Fiche Technique\"]\n","protected":false},"featured_media":2472,"comment_status":"open","ping_status":"closed","template":"","meta":[],"etheme_brands":[],"product_cat":[16],"product_tag":[],"class_list":{"0":"post-2471","1":"product","2":"type-product","3":"status-publish","4":"has-post-thumbnail","6":"product_cat-uncategorized","8":"first","9":"instock","10":"shipping-taxable","11":"product-type-simple"},"_links":{"self":[{"href":"https:\/\/www.aotai.fr\/index.php\/wp-json\/wp\/v2\/product\/2471","targetHints":{"allow":["GET"]}}],"collection":[{"href":"https:\/\/www.aotai.fr\/index.php\/wp-json\/wp\/v2\/product"}],"about":[{"href":"https:\/\/www.aotai.fr\/index.php\/wp-json\/wp\/v2\/types\/product"}],"replies":[{"embeddable":true,"href":"https:\/\/www.aotai.fr\/index.php\/wp-json\/wp\/v2\/comments?post=2471"}],"version-history":[{"count":2,"href":"https:\/\/www.aotai.fr\/index.php\/wp-json\/wp\/v2\/product\/2471\/revisions"}],"predecessor-version":[{"id":2599,"href":"https:\/\/www.aotai.fr\/index.php\/wp-json\/wp\/v2\/product\/2471\/revisions\/2599"}],"wp:featuredmedia":[{"embeddable":true,"href":"https:\/\/www.aotai.fr\/index.php\/wp-json\/wp\/v2\/media\/2472"}],"wp:attachment":[{"href":"https:\/\/www.aotai.fr\/index.php\/wp-json\/wp\/v2\/media?parent=2471"}],"wp:term":[{"taxonomy":"brand","embeddable":true,"href":"https:\/\/www.aotai.fr\/index.php\/wp-json\/wp\/v2\/etheme_brands?post=2471"},{"taxonomy":"product_cat","embeddable":true,"href":"https:\/\/www.aotai.fr\/index.php\/wp-json\/wp\/v2\/product_cat?post=2471"},{"taxonomy":"product_tag","embeddable":true,"href":"https:\/\/www.aotai.fr\/index.php\/wp-json\/wp\/v2\/product_tag?post=2471"}],"curies":[{"name":"wp","href":"https:\/\/api.w.org\/{rel}","templated":true}]}}