{"id":2508,"date":"2025-01-13T12:04:11","date_gmt":"2025-01-13T11:04:11","guid":{"rendered":"http:\/\/81.169.190.189:2083\/?post_type=product&#038;p=2508"},"modified":"2025-01-16T08:47:10","modified_gmt":"2025-01-16T07:47:10","slug":"asp-100-125-136k-hv","status":"publish","type":"product","link":"https:\/\/www.aotai.fr\/index.php\/product\/asp-100-125-136k-hv\/","title":{"rendered":"ASP-100\/125\/136K-HV"},"content":{"rendered":"","protected":false},"excerpt":{"rendered":"<p>Conception flexible | Conversion efficace | Compatibilit\u00e9 avec le r\u00e9seau | Protection anti-\u00eelotage active<\/p>\n<p>Conception flexible<\/p>\n<p>Interface de communication multiple : RS485, GPRS (en option), Wifi (en<br \/>\noption).<br \/>\nDisjoncteur DC, facile \u00e0 entretenir et s\u00fbr \u00e0 utiliser.<br \/>\nEn int\u00e9grant du coffret de protection courant continu contre la foudre, r\u00e9duit le co\u00fbt du syst\u00e8me pour les utilisateurs<\/p>\n<p>Conversion efficace<\/p>\n<p>Sans transformateur, l&rsquo;efficacit\u00e9 maximale est jusqu&rsquo;\u00e0 99 %.<br \/>\nl&rsquo;efficacit\u00e9 europ\u00e9enne est jusqu&rsquo;\u00e0 98,5 %.<br \/>\nTHD total du courant &lt;2 %.<br \/>\nTechnologie de contr\u00f4le SVPWM \u00e0 trois niveaux, augmentant l&rsquo;utilisation dela tension continue (DC).<\/p>\n<p>Compatibilit\u00e9 avec le r\u00e9seau<\/p>\n<p>Fonction LVRT HVRT.<br \/>\nPuissance r\u00e9active r\u00e9glable, facteur de puissance de 0,8 en avance \u00e0 0,8 en retard.<br \/>\nProtection anti-\u00eelotage active et passive.<br \/>\nFonction de puissance active continuellement r\u00e9glable (0-100%)<\/p>\n<p>Qualit\u00e9s excellentes<\/p>\n<p>Certification CQC Gold Sun, Certification TUV, Certification SAA, Certification CE<\/p>\n[button et_class=\"\" target=\"_self\" style=\"big active\" url=\"https:\/\/www.aotai.fr\/wp-content\/uploads\/2025\/01\/ASP-100125136K-HV.pdf\" icon=\"downloads\" title=\"Fiche Technique\"]\n","protected":false},"featured_media":2505,"comment_status":"open","ping_status":"closed","template":"","meta":[],"etheme_brands":[],"product_cat":[16],"product_tag":[],"class_list":{"0":"post-2508","1":"product","2":"type-product","3":"status-publish","4":"has-post-thumbnail","6":"product_cat-uncategorized","8":"first","9":"instock","10":"shipping-taxable","11":"product-type-simple"},"_links":{"self":[{"href":"https:\/\/www.aotai.fr\/index.php\/wp-json\/wp\/v2\/product\/2508","targetHints":{"allow":["GET"]}}],"collection":[{"href":"https:\/\/www.aotai.fr\/index.php\/wp-json\/wp\/v2\/product"}],"about":[{"href":"https:\/\/www.aotai.fr\/index.php\/wp-json\/wp\/v2\/types\/product"}],"replies":[{"embeddable":true,"href":"https:\/\/www.aotai.fr\/index.php\/wp-json\/wp\/v2\/comments?post=2508"}],"version-history":[{"count":2,"href":"https:\/\/www.aotai.fr\/index.php\/wp-json\/wp\/v2\/product\/2508\/revisions"}],"predecessor-version":[{"id":2591,"href":"https:\/\/www.aotai.fr\/index.php\/wp-json\/wp\/v2\/product\/2508\/revisions\/2591"}],"wp:featuredmedia":[{"embeddable":true,"href":"https:\/\/www.aotai.fr\/index.php\/wp-json\/wp\/v2\/media\/2505"}],"wp:attachment":[{"href":"https:\/\/www.aotai.fr\/index.php\/wp-json\/wp\/v2\/media?parent=2508"}],"wp:term":[{"taxonomy":"brand","embeddable":true,"href":"https:\/\/www.aotai.fr\/index.php\/wp-json\/wp\/v2\/etheme_brands?post=2508"},{"taxonomy":"product_cat","embeddable":true,"href":"https:\/\/www.aotai.fr\/index.php\/wp-json\/wp\/v2\/product_cat?post=2508"},{"taxonomy":"product_tag","embeddable":true,"href":"https:\/\/www.aotai.fr\/index.php\/wp-json\/wp\/v2\/product_tag?post=2508"}],"curies":[{"name":"wp","href":"https:\/\/api.w.org\/{rel}","templated":true}]}}