{"id":577,"date":"2021-09-26T09:04:27","date_gmt":"2021-09-26T09:04:27","guid":{"rendered":"https:\/\/xstore.8theme.com\/elementor\/demos\/ecoenergy\/?post_type=product&#038;p=577"},"modified":"2025-01-16T09:07:05","modified_gmt":"2025-01-16T08:07:05","slug":"asp-15-17-20-23-25-28-30ktlc","status":"publish","type":"product","link":"https:\/\/www.aotai.fr\/index.php\/product\/asp-15-17-20-23-25-28-30ktlc\/","title":{"rendered":"ASP-15\/17\/20\/23\/25\/28\/30KTLC"},"content":{"rendered":"\t\t<div data-elementor-type=\"wp-post\" data-elementor-id=\"577\" class=\"elementor elementor-577\" data-elementor-post-type=\"product\">\n\t\t\t\t\t\t<section class=\"elementor-section elementor-top-section elementor-element elementor-element-645585b elementor-section-boxed elementor-section-height-default elementor-section-height-default\" data-id=\"645585b\" data-element_type=\"section\">\n\t\t\t\t\t\t<div class=\"elementor-container elementor-column-gap-no\">\n\t\t\t\t\t<div class=\"elementor-column elementor-col-100 elementor-top-column elementor-element elementor-element-96a87c3\" data-id=\"96a87c3\" data-element_type=\"column\">\n\t\t\t<div class=\"elementor-widget-wrap elementor-element-populated\">\n\t\t\t\t\t\t<div class=\"elementor-element elementor-element-66ca412 elementor-widget elementor-widget-text-editor\" data-id=\"66ca412\" data-element_type=\"widget\" data-widget_type=\"text-editor.default\">\n\t\t\t\t<div class=\"elementor-widget-container\">\n\t\t\t\t\t\t\tThere are many variations of passages of Lorem Ipsum available, but the majority have suffered alteration in some form, by injected humour, or randomised words which don&rsquo;t look even slightly believable. If you are going to use a passage of Lorem Ipsum, you need to be sure anything embarrassing. Suspendisse etiam a suspendisse urna vitae natoque ut a ante vestibulum.\nQuis commodo consequat feugiat sapien ut tempor laoreet a suspendisse arcu parturient proin nulla tortor inceptos elementum penatibus vestibulum ac in sagittis ac maecenas natoque felis quam. Venenatis varius a quam quis cum placerat. \t\t\t\t\t\t<\/div>\n\t\t\t\t<\/div>\n\t\t\t\t<div class=\"elementor-element elementor-element-cffbd6c elementor-widget elementor-widget-text-editor\" data-id=\"cffbd6c\" data-element_type=\"widget\" data-widget_type=\"text-editor.default\">\n\t\t\t\t<div class=\"elementor-widget-container\">\n\t\t\t\t\t\t\tLeo elit dui adipiscing ad eleifend congue primis curabitur etiam mi scelerisque nibh habitasse consectetur sapien lacinia condimentum eget. Gravida cubilia justo lacinia scelerisque purus justo orci a vestibulum donec primis suspendisse dignissim class tortor phasellus vestibulum duis ullamcorper natoque leo cursus.\t\t\t\t\t\t<\/div>\n\t\t\t\t<\/div>\n\t\t\t\t\t<\/div>\n\t\t<\/div>\n\t\t\t\t\t<\/div>\n\t\t<\/section>\n\t\t\t\t<\/div>\n\t\t","protected":false},"excerpt":{"rendered":"<p>Conception flexible | Conversion efficace | Compatible avec le r\u00e9seau \u00e9lectrique<\/p>\n<p>Conversion efficace<br \/>\nSans transformateur, l\u2019efficacit\u00e9 maximale est jusqu\u2019\u00e0 99,02 % ;<br \/>\nL&rsquo;efficacit\u00e9 europ\u00e9enne atteint 98,51 %<br \/>\nCourant total THD &lt; 3 %<br \/>\nTechnologie de contr\u00f4le SVPWM \u00e0 trois niveaux, augmente l&rsquo;utilisation de la tension CC<\/p>\n<p>Compatible avec le r\u00e9seau<br \/>\nFonction LVRT HVRT<br \/>\nPuissance r\u00e9active r\u00e9glable, facteur de puissance de 0,8 en avance \u00e0 0,8 en retard<br \/>\nProtection anti-\u00eelotage active et passive<br \/>\nFonction de puissance active r\u00e9glable en continu (0-100 %)<\/p>\n<p>Excellentes qualit\u00e9s<br \/>\nCertification CQC Gold Sun, certification TUV<br \/>\nCertification SAA, Certification CE<\/p>\n[button et_class=\"\" target=\"_self\" style=\"big active\" url=\"https:\/\/www.aotai.fr\/wp-content\/uploads\/2021\/09\/15-28-on-grid-3p.pdf\" icon=\"downloads\" title=\"Fiche Technique\"]\n","protected":false},"featured_media":1707,"comment_status":"open","ping_status":"closed","template":"","meta":[],"etheme_brands":[{"term_id":55,"name":"Ecoenergy brand 04","slug":"ecoenergy-brand-04","term_group":0,"term_taxonomy_id":55,"taxonomy":"brand","description":"","parent":0,"count":1,"filter":"raw"},{"term_id":56,"name":"Ecoenergy brand 05","slug":"ecoenergy-brand-05","term_group":0,"term_taxonomy_id":56,"taxonomy":"brand","description":"","parent":0,"count":1,"filter":"raw"}],"product_cat":[16],"product_tag":[19,20,21],"class_list":{"0":"post-577","1":"product","2":"type-product","3":"status-publish","4":"has-post-thumbnail","6":"brand-ecoenergy-brand-04","7":"brand-ecoenergy-brand-05","8":"product_cat-uncategorized","9":"product_tag-energy","10":"product_tag-phase","11":"product_tag-sale","13":"first","14":"instock","15":"shipping-taxable","16":"product-type-simple"},"_links":{"self":[{"href":"https:\/\/www.aotai.fr\/index.php\/wp-json\/wp\/v2\/product\/577","targetHints":{"allow":["GET"]}}],"collection":[{"href":"https:\/\/www.aotai.fr\/index.php\/wp-json\/wp\/v2\/product"}],"about":[{"href":"https:\/\/www.aotai.fr\/index.php\/wp-json\/wp\/v2\/types\/product"}],"replies":[{"embeddable":true,"href":"https:\/\/www.aotai.fr\/index.php\/wp-json\/wp\/v2\/comments?post=577"}],"version-history":[{"count":15,"href":"https:\/\/www.aotai.fr\/index.php\/wp-json\/wp\/v2\/product\/577\/revisions"}],"predecessor-version":[{"id":2603,"href":"https:\/\/www.aotai.fr\/index.php\/wp-json\/wp\/v2\/product\/577\/revisions\/2603"}],"wp:featuredmedia":[{"embeddable":true,"href":"https:\/\/www.aotai.fr\/index.php\/wp-json\/wp\/v2\/media\/1707"}],"wp:attachment":[{"href":"https:\/\/www.aotai.fr\/index.php\/wp-json\/wp\/v2\/media?parent=577"}],"wp:term":[{"taxonomy":"brand","embeddable":true,"href":"https:\/\/www.aotai.fr\/index.php\/wp-json\/wp\/v2\/etheme_brands?post=577"},{"taxonomy":"product_cat","embeddable":true,"href":"https:\/\/www.aotai.fr\/index.php\/wp-json\/wp\/v2\/product_cat?post=577"},{"taxonomy":"product_tag","embeddable":true,"href":"https:\/\/www.aotai.fr\/index.php\/wp-json\/wp\/v2\/product_tag?post=577"}],"curies":[{"name":"wp","href":"https:\/\/api.w.org\/{rel}","templated":true}]}}